{"id":876,"date":"2021-02-01T14:26:13","date_gmt":"2021-02-01T14:26:13","guid":{"rendered":"https:\/\/www.aimingart.com\/?post_type=product&#038;p=876"},"modified":"2024-07-18T03:35:33","modified_gmt":"2024-07-18T03:35:33","slug":"schiessheft","status":"publish","type":"product","link":"https:\/\/www.aimingart.com\/sl\/izdelek\/schiessheft\/","title":{"rendered":"Schie\u00dfheft"},"content":{"rendered":"<ul>\n<li>GR\u00d6SSE: 15,5 cm \u00d7 21 cm<\/li>\n<li>GEWICHT: 257 g<\/li>\n<li>166 Seiten<\/li>\n<li>Spiralgebunden<\/li>\n<li>F\u00fcr jede Art von Stift geeignet<\/li>\n<li>In der EU hergestellt<\/li>\n<li>Bei gr\u00f6\u00dferen Mengen gew\u00e4hren wir Mengenrabatt<\/li>\n<\/ul>","protected":false},"excerpt":{"rendered":"<p>Es war noch nie einfacher, den \u00dcberblick \u00fcber Ihren Fortschritt zu behalten als mit diesem attraktiven und benutzerfreundlichen Heft.<\/p>\n<p>Jedes dieser Leistungsprotokolle besteht aus 150 vorgefertigten Formulare enthalten, die Sie bei Ihrer Schie\u00dfanalyse unterst\u00fctzen. Die ersten Kapitel konzentrieren sich auf die Setzung von Zielen, das Verfolgen von Einstellungen und das Erstellen detaillierter Schie\u00dfroutinen.<\/p>\n<p>Das Schie\u00dfheft ist sowohl f\u00fcr Anf\u00e4nger als auch f\u00fcr fortgeschrittene Sch\u00fctzen aller Disziplinen geeignet und hilft Ihnen dabei, Ihre Herangehensweise an das Schie\u00dfen zu strukturieren und Ihre mentale Vorbereitung zu verbessern. Es wird mit der Zeit zu Ihrer unsch\u00e4tzbaren pers\u00f6nlichen Schie\u00dfressource.<\/p>","protected":false},"featured_media":1534,"comment_status":"open","ping_status":"closed","template":"","meta":{"site-sidebar-layout":"default","site-content-layout":"default","ast-site-content-layout":"","site-content-style":"default","site-sidebar-style":"default","ast-global-header-display":"","ast-banner-title-visibility":"","ast-main-header-display":"","ast-hfb-above-header-display":"","ast-hfb-below-header-display":"","ast-hfb-mobile-header-display":"","site-post-title":"","ast-breadcrumbs-content":"","ast-featured-img":"","footer-sml-layout":"","theme-transparent-header-meta":"default","adv-header-id-meta":"","stick-header-meta":"","header-above-stick-meta":"","header-main-stick-meta":"","header-below-stick-meta":"","astra-migrate-meta-layouts":"default","ast-page-background-enabled":"default","ast-page-background-meta":{"desktop":{"background-color":"","background-image":"","background-repeat":"repeat","background-position":"center center","background-size":"auto","background-attachment":"scroll","background-type":"","background-media":"","overlay-type":"","overlay-color":"","overlay-opacity":"","overlay-gradient":""},"tablet":{"background-color":"","background-image":"","background-repeat":"repeat","background-position":"center center","background-size":"auto","background-attachment":"scroll","background-type":"","background-media":"","overlay-type":"","overlay-color":"","overlay-opacity":"","overlay-gradient":""},"mobile":{"background-color":"","background-image":"","background-repeat":"repeat","background-position":"center center","background-size":"auto","background-attachment":"scroll","background-type":"","background-media":"","overlay-type":"","overlay-color":"","overlay-opacity":"","overlay-gradient":""}},"ast-content-background-meta":{"desktop":{"background-color":"var(--ast-global-color-5)","background-image":"","background-repeat":"repeat","background-position":"center center","background-size":"auto","background-attachment":"scroll","background-type":"","background-media":"","overlay-type":"","overlay-color":"","overlay-opacity":"","overlay-gradient":""},"tablet":{"background-color":"var(--ast-global-color-5)","background-image":"","background-repeat":"repeat","background-position":"center center","background-size":"auto","background-attachment":"scroll","background-type":"","background-media":"","overlay-type":"","overlay-color":"","overlay-opacity":"","overlay-gradient":""},"mobile":{"background-color":"var(--ast-global-color-5)","background-image":"","background-repeat":"repeat","background-position":"center center","background-size":"auto","background-attachment":"scroll","background-type":"","background-media":"","overlay-type":"","overlay-color":"","overlay-opacity":"","overlay-gradient":""}}},"product_cat":[15],"product_tag":[],"class_list":{"0":"post-876","1":"product","2":"type-product","3":"status-publish","4":"has-post-thumbnail","6":"product_cat-uncategorized","7":"desktop-align-left","8":"tablet-align-left","9":"mobile-align-left","11":"first","12":"instock","13":"shipping-taxable","14":"purchasable","15":"product-type-variable"},"_links":{"self":[{"href":"https:\/\/www.aimingart.com\/sl\/wp-json\/wp\/v2\/product\/876"}],"collection":[{"href":"https:\/\/www.aimingart.com\/sl\/wp-json\/wp\/v2\/product"}],"about":[{"href":"https:\/\/www.aimingart.com\/sl\/wp-json\/wp\/v2\/types\/product"}],"replies":[{"embeddable":true,"href":"https:\/\/www.aimingart.com\/sl\/wp-json\/wp\/v2\/comments?post=876"}],"wp:featuredmedia":[{"embeddable":true,"href":"https:\/\/www.aimingart.com\/sl\/wp-json\/wp\/v2\/media\/1534"}],"wp:attachment":[{"href":"https:\/\/www.aimingart.com\/sl\/wp-json\/wp\/v2\/media?parent=876"}],"wp:term":[{"taxonomy":"product_cat","embeddable":true,"href":"https:\/\/www.aimingart.com\/sl\/wp-json\/wp\/v2\/product_cat?post=876"},{"taxonomy":"product_tag","embeddable":true,"href":"https:\/\/www.aimingart.com\/sl\/wp-json\/wp\/v2\/product_tag?post=876"}],"curies":[{"name":"wp","href":"https:\/\/api.w.org\/{rel}","templated":true}]}}