{"id":873,"date":"2021-02-01T14:21:45","date_gmt":"2021-02-01T14:21:45","guid":{"rendered":"https:\/\/www.aimingart.com\/?post_type=product&#038;p=873"},"modified":"2025-03-09T09:13:03","modified_gmt":"2025-03-09T09:13:03","slug":"cuaderno-de-tiro","status":"publish","type":"product","link":"https:\/\/www.aimingart.com\/sl\/izdelek\/cuaderno-de-tiro\/","title":{"rendered":"Cuaderno de Tiro"},"content":{"rendered":"<ul>\n<li>Dimensiones del producto: 15.5cm \u00d7 21cm (6.1in \u00d7 8.27in)<\/li>\n<li>Peso del producto: 260g (9.2oz)<\/li>\n<li>166 p\u00e1ginas<\/li>\n<li>En espiral<\/li>\n<li>Encuadernaci\u00f3n en espiral<\/li>\n<li>Apto para cualquier tipo de pluma, bol\u00edgrafo, lapicero\u2026<\/li>\n<li>Ofrecemos descuentos para grandes pedidos<\/li>\n<\/ul>","protected":false},"excerpt":{"rendered":"<p>El seguimiento de tu desarrollo como tirador nunca ha sido tan f\u00e1cil como con este cuaderno de tiro, atractivo y f\u00e1cil de usar.<\/p>\n<p>Cada uno de estos cuadernos consta de 150 formularios listos para usar, registrar tu rendimiento y guiarte en tu an\u00e1lisis de tiro. Los cap\u00edtulos iniciales se centran en definir objetivos, realizar la configuraci\u00f3n y crear rutinas de tiro detalladas.<\/p>\n<p>Es apto para tiradores principiantes y avanzados de todas las disciplinas, el Cuaderno de tiro te ayudar\u00e1 a estructurar tu enfoque de tiro, mejorar tu preparaci\u00f3n mental y, con el tiempo, se convertir\u00e1 en tu recurso personal de tiro imprescindible.<\/p>","protected":false},"featured_media":1536,"comment_status":"open","ping_status":"closed","template":"","meta":{"site-sidebar-layout":"default","site-content-layout":"default","ast-site-content-layout":"","site-content-style":"default","site-sidebar-style":"default","ast-global-header-display":"","ast-banner-title-visibility":"","ast-main-header-display":"","ast-hfb-above-header-display":"","ast-hfb-below-header-display":"","ast-hfb-mobile-header-display":"","site-post-title":"","ast-breadcrumbs-content":"","ast-featured-img":"","footer-sml-layout":"","theme-transparent-header-meta":"default","adv-header-id-meta":"","stick-header-meta":"","header-above-stick-meta":"","header-main-stick-meta":"","header-below-stick-meta":"","astra-migrate-meta-layouts":"default","ast-page-background-enabled":"default","ast-page-background-meta":{"desktop":{"background-color":"","background-image":"","background-repeat":"repeat","background-position":"center center","background-size":"auto","background-attachment":"scroll","background-type":"","background-media":"","overlay-type":"","overlay-color":"","overlay-opacity":"","overlay-gradient":""},"tablet":{"background-color":"","background-image":"","background-repeat":"repeat","background-position":"center center","background-size":"auto","background-attachment":"scroll","background-type":"","background-media":"","overlay-type":"","overlay-color":"","overlay-opacity":"","overlay-gradient":""},"mobile":{"background-color":"","background-image":"","background-repeat":"repeat","background-position":"center center","background-size":"auto","background-attachment":"scroll","background-type":"","background-media":"","overlay-type":"","overlay-color":"","overlay-opacity":"","overlay-gradient":""}},"ast-content-background-meta":{"desktop":{"background-color":"var(--ast-global-color-5)","background-image":"","background-repeat":"repeat","background-position":"center center","background-size":"auto","background-attachment":"scroll","background-type":"","background-media":"","overlay-type":"","overlay-color":"","overlay-opacity":"","overlay-gradient":""},"tablet":{"background-color":"var(--ast-global-color-5)","background-image":"","background-repeat":"repeat","background-position":"center center","background-size":"auto","background-attachment":"scroll","background-type":"","background-media":"","overlay-type":"","overlay-color":"","overlay-opacity":"","overlay-gradient":""},"mobile":{"background-color":"var(--ast-global-color-5)","background-image":"","background-repeat":"repeat","background-position":"center center","background-size":"auto","background-attachment":"scroll","background-type":"","background-media":"","overlay-type":"","overlay-color":"","overlay-opacity":"","overlay-gradient":""}}},"product_cat":[15],"product_tag":[],"class_list":{"0":"post-873","1":"product","2":"type-product","3":"status-publish","4":"has-post-thumbnail","6":"product_cat-uncategorized","7":"desktop-align-left","8":"tablet-align-left","9":"mobile-align-left","11":"first","12":"instock","13":"shipping-taxable","14":"purchasable","15":"product-type-simple"},"_links":{"self":[{"href":"https:\/\/www.aimingart.com\/sl\/wp-json\/wp\/v2\/product\/873"}],"collection":[{"href":"https:\/\/www.aimingart.com\/sl\/wp-json\/wp\/v2\/product"}],"about":[{"href":"https:\/\/www.aimingart.com\/sl\/wp-json\/wp\/v2\/types\/product"}],"replies":[{"embeddable":true,"href":"https:\/\/www.aimingart.com\/sl\/wp-json\/wp\/v2\/comments?post=873"}],"wp:featuredmedia":[{"embeddable":true,"href":"https:\/\/www.aimingart.com\/sl\/wp-json\/wp\/v2\/media\/1536"}],"wp:attachment":[{"href":"https:\/\/www.aimingart.com\/sl\/wp-json\/wp\/v2\/media?parent=873"}],"wp:term":[{"taxonomy":"product_cat","embeddable":true,"href":"https:\/\/www.aimingart.com\/sl\/wp-json\/wp\/v2\/product_cat?post=873"},{"taxonomy":"product_tag","embeddable":true,"href":"https:\/\/www.aimingart.com\/sl\/wp-json\/wp\/v2\/product_tag?post=873"}],"curies":[{"name":"wp","href":"https:\/\/api.w.org\/{rel}","templated":true}]}}