{"id":47,"date":"2021-01-25T11:39:32","date_gmt":"2021-01-25T11:39:32","guid":{"rendered":"https:\/\/www.aimingart.com\/?page_id=47"},"modified":"2022-03-20T18:22:13","modified_gmt":"2022-03-20T18:22:13","slug":"about-us","status":"publish","type":"page","link":"https:\/\/www.aimingart.com\/sl\/about-us\/","title":{"rendered":"About us"},"content":{"rendered":"<div data-elementor-type=\"wp-page\" data-elementor-id=\"47\" class=\"elementor elementor-47\" data-elementor-post-type=\"page\">\n\t\t\t\t\t\t<section class=\"elementor-section elementor-top-section elementor-element elementor-element-6c0a7bd elementor-section-boxed elementor-section-height-default elementor-section-height-default\" data-id=\"6c0a7bd\" data-element_type=\"section\" data-settings=\"{&quot;background_background&quot;:&quot;classic&quot;}\">\n\t\t\t\t\t\t<div class=\"elementor-container elementor-column-gap-default\">\n\t\t\t\t\t<div class=\"elementor-column elementor-col-100 elementor-top-column elementor-element elementor-element-711c14e\" data-id=\"711c14e\" data-element_type=\"column\">\n\t\t\t<div class=\"elementor-widget-wrap elementor-element-populated\">\n\t\t\t\t\t\t<div class=\"elementor-element elementor-element-c55e5b8 elementor-widget elementor-widget-heading\" data-id=\"c55e5b8\" data-element_type=\"widget\" data-widget_type=\"heading.default\">\n\t\t\t\t<div class=\"elementor-widget-container\">\n\t\t\t<h1 class=\"elementor-heading-title elementor-size-default\">O ekipi<\/h1>\t\t<\/div>\n\t\t\t\t<\/div>\n\t\t\t\t<div class=\"elementor-element elementor-element-961abd4 elementor-widget elementor-widget-image\" data-id=\"961abd4\" data-element_type=\"widget\" data-widget_type=\"image.default\">\n\t\t\t\t<div class=\"elementor-widget-container\">\n\t\t\t\t\t\t\t\t\t\t\t\t\t<img fetchpriority=\"high\" decoding=\"async\" width=\"516\" height=\"298\" src=\"https:\/\/www.aimingart.com\/wp-content\/uploads\/2021\/01\/Sonja_Ziva2-2.png\" class=\"attachment-large size-large wp-image-157\" alt=\"Sonja Ben\u010dina and \u017diva Dvor\u0161ak, founders of Aiming Art and Shooting Notes\" srcset=\"https:\/\/www.aimingart.com\/wp-content\/uploads\/2021\/01\/Sonja_Ziva2-2.png 516w, https:\/\/www.aimingart.com\/wp-content\/uploads\/2021\/01\/Sonja_Ziva2-2-200x116.png 200w, https:\/\/www.aimingart.com\/wp-content\/uploads\/2021\/01\/Sonja_Ziva2-2-300x173.png 300w\" sizes=\"(max-width: 516px) 100vw, 516px\" \/>\t\t\t\t\t\t\t\t\t\t\t\t\t<\/div>\n\t\t\t\t<\/div>\n\t\t\t\t<div class=\"elementor-element elementor-element-bfbd525 elementor-widget elementor-widget-text-editor\" data-id=\"bfbd525\" data-element_type=\"widget\" data-widget_type=\"text-editor.default\">\n\t\t\t\t<div class=\"elementor-widget-container\">\n\t\t\t\t\t\t\t<p>Ko sva se sre\u010devali na doma\u010dem streli\u0161\u010du, minut priprave na odhod na linijo nisva nikoli pre\u017eiveli v ti\u0161ini. Prav neverjetno, ampak vedno sva na\u0161li kako temo, povezano s streljanjem, o kateri sva lahko poklepetali. Spoznali sva, da se da pogovoriti o vsem: od podplatov strelskih \u010devljev do tega, zakaj je svetloba na strelskem mestu \u0161t. 21 tako slaba.<\/p><p>Mimo so \u0161la leta treningov, leta pogovorov s poklicnimi trenerji ter strelkami in strelci, leta prebiranja knjig o \u0161portnem streljanju - in leta pisanja lastnih strelskih dnevnikov. Vse to naju je privedlo do lastnega ustvarjanja in nastal je prvi <a href=\"https:\/\/www.aimingart.com\/sl\/izdelek\/shooting-notes\/\">Strelski zvezek<\/a>. Po treh sezonah izbolj\u0161evanja sva se odlo\u010dili, da ga poka\u017eeva tudi drugim strelcem. V Sloveniji je prva izdaja pod imenom<a href=\"https:\/\/www.aimingart.com\/sl\/izdelek\/strelski-zvezek\/\"> Strelski zvezek<\/a> po\u0161la v eni sami sezoni in mednarodni prijatelji so naju prepri\u010dali, da zvezek tudi prevedeva. Kmalu zatem je iz\u0161la angle\u0161ka verzija, ki sta ji sledila nem\u0161ki <a href=\"https:\/\/www.aimingart.com\/sl\/izdelek\/schiesheft\/\">Schie\u00dfheft<\/a> in \u0161panski <a href=\"https:\/\/www.aimingart.com\/sl\/izdelek\/cuaderno-de-tiro\/\">Cuaderno de Tiro<\/a>. Sezono pozneje je lu\u010d sveta ugledal <a href=\"https:\/\/www.aimingart.com\/sl\/izdelek\/cahier-de-tir\/\">Cahier de Tir<\/a> , francoski zvezek. Nekaj izjemnih sre\u010danj na olimpijskih in paralimpijskih igrah v Tokiu 2020 naju je spodbudilo, da je nastala \u0161e <a href=\"https:\/\/www.aimingart.com\/sl\/izdelek\/shooting-notes-japanese\/\">japonska razli\u010dica<\/a>. Pripravljava \u017ee prenovljene ponatise in komaj \u010dakava, da jih deliva z vami.<\/p><p>Ob na\u010drtovanju, analizi in \u010dimve\u010d desetkah \u0161portno streljanje zahteva \u0161e psiholo\u0161ko in fizi\u010dno pripravo, pa tudi pravilno taktiko, s katero se vse to pove\u017ee. Najin splo\u0161ni pristop k streljanju bi z vami radi delili skozi zapise, poimenovane <a href=\"https:\/\/www.aimingart.com\/sl\/practical-pointers\/\">Strelski namigi<\/a>. Pravilno ravnovesje med vsemi temi podro\u010dji je prava umetnost in kadar se na najpomembnej\u0161ih tekmovanjih vse postavi v pravilno sosledje, nastane umetnina. Midve jo imenujeva Aiming Art, umetnost merjenja.<\/p><p>Oktobra 2020 je Aiming Art pripravil svojo prvo Strelsko akademijo. V dveh koncih tedna se je na\u0161ega programa udele\u017eilo 31 strelk in strelcev, ki smo jih sku\u0161ali uvesti v celosten pristop k streljanju. Ker se vsi zavedamo, kako pomembno je vzpodbudno in stimulativno okolje, upamo, da nam bo v bodo\u010de uspelo pripraviti \u0161e veliko akademij za strelke in strelce na razli\u010dnih nivojih.<\/p><p><a href=\"https:\/\/www.aimingart.com\/sl\/shooting-notes\/\">Strelski zvezek<\/a>, Strelski namigi in Strelska akademija so le za\u010detek. Obljubljava, da bova stvari \u0161e naprej razvijali, dodajali odkritja in delili svoje uvide ter na ta na\u010din prispevali k strelskemu \u0161portu, da bi druge strelke in strelci dosegli svoje potenciale. Merite visoko z nama in ustvarite svojo umetnino!<\/p>\t\t\t\t\t\t<\/div>\n\t\t\t\t<\/div>\n\t\t\t\t\t<\/div>\n\t\t<\/div>\n\t\t\t\t\t<\/div>\n\t\t<\/section>\n\t\t\t\t<section class=\"elementor-section elementor-top-section elementor-element elementor-element-50096f4 elementor-section-full_width elementor-hidden-tablet elementor-hidden-phone elementor-section-height-default elementor-section-height-default\" data-id=\"50096f4\" data-element_type=\"section\" data-settings=\"{&quot;background_background&quot;:&quot;classic&quot;}\">\n\t\t\t\t\t\t<div class=\"elementor-container elementor-column-gap-default\">\n\t\t\t\t\t<div class=\"elementor-column elementor-col-50 elementor-top-column elementor-element elementor-element-0a9032f\" data-id=\"0a9032f\" data-element_type=\"column\">\n\t\t\t<div class=\"elementor-widget-wrap elementor-element-populated\">\n\t\t\t\t\t\t<div class=\"elementor-element elementor-element-879b1fb elementor-hidden-tablet elementor-hidden-phone elementor-widget elementor-widget-sidebar\" data-id=\"879b1fb\" data-element_type=\"widget\" data-widget_type=\"sidebar.default\">\n\t\t\t\t<div class=\"elementor-widget-container\">\n\t\t\t<aside id=\"text-12\" class=\"widget widget_text\">\t\t\t<div class=\"textwidget\"><div>\n<div class=\"elementor-element elementor-element-7b802d7 elementor-hidden-phone elementor-widget elementor-widget-text-editor\" data-id=\"7b802d7\" data-element_type=\"widget\" data-widget_type=\"text-editor.default\">\n<div class=\"elementor-widget-container\">\n<div class=\"elementor-text-editor elementor-clearfix\" style=\"color: #0f7cc3; font-weight: bold; font-size: 17px; text-align: center;\">Kje nas najde\u0161<\/div>\n<\/div>\n<\/div>\n<div class=\"elementor-element elementor-element-c5fa614 elementor-widget-divider--view-line elementor-widget elementor-widget-divider\" data-id=\"c5fa614\" data-element_type=\"widget\" data-widget_type=\"divider.default\">\n<div class=\"elementor-widget-container\">\n<div class=\"elementor-divider\"><\/div>\n<\/div>\n<\/div>\n<\/div>\n<div style=\"text-align: center;\">\n<p><a href=\"https:\/\/www.facebook.com\/AimingArt\" target=\"_blank\" rel=\"noopener\"><img decoding=\"async\" class=\"alignnone size-full wp-image-129 lazyload\" data-src=\"https:\/\/www.aimingart.com\/wp-content\/uploads\/2021\/01\/Facebook-Strelski-zvezek.svg\" alt=\"\" src=\"data:image\/svg+xml;base64,PHN2ZyB3aWR0aD0iMSIgaGVpZ2h0PSIxIiB4bWxucz0iaHR0cDovL3d3dy53My5vcmcvMjAwMC9zdmciPjwvc3ZnPg==\" \/><\/a><\/p>\n<p><a href=\"https:\/\/www.instagram.com\/aiming.art\/\" target=\"_blank\" rel=\"noopener\"><img decoding=\"async\" class=\"alignnone size-full wp-image-130 lazyload\" data-src=\"https:\/\/www.aimingart.com\/wp-content\/uploads\/2021\/01\/Instagram-Strelski-zvezek.svg\" alt=\"\" src=\"data:image\/svg+xml;base64,PHN2ZyB3aWR0aD0iMSIgaGVpZ2h0PSIxIiB4bWxucz0iaHR0cDovL3d3dy53My5vcmcvMjAwMC9zdmciPjwvc3ZnPg==\" \/><\/a><\/p>\n<\/div>\n<\/div>\n\t\t<\/aside>\t\t<\/div>\n\t\t\t\t<\/div>\n\t\t\t\t\t<\/div>\n\t\t<\/div>\n\t\t\t\t<div class=\"elementor-column elementor-col-50 elementor-top-column elementor-element elementor-element-b0d4127\" data-id=\"b0d4127\" data-element_type=\"column\">\n\t\t\t<div class=\"elementor-widget-wrap\">\n\t\t\t\t\t\t\t<\/div>\n\t\t<\/div>\n\t\t\t\t\t<\/div>\n\t\t<\/section>\n\t\t\t\t<section class=\"elementor-section elementor-top-section elementor-element elementor-element-02cdf8b elementor-section-boxed elementor-section-height-default elementor-section-height-default\" data-id=\"02cdf8b\" data-element_type=\"section\">\n\t\t\t\t\t\t<div class=\"elementor-container elementor-column-gap-default\">\n\t\t\t\t\t<div class=\"elementor-column elementor-col-50 elementor-top-column elementor-element elementor-element-81fbd4b\" data-id=\"81fbd4b\" data-element_type=\"column\">\n\t\t\t<div class=\"elementor-widget-wrap elementor-element-populated\">\n\t\t\t\t\t\t<div class=\"elementor-element elementor-element-944ed69 elementor-widget elementor-widget-image\" data-id=\"944ed69\" data-element_type=\"widget\" data-widget_type=\"image.default\">\n\t\t\t\t<div class=\"elementor-widget-container\">\n\t\t\t\t\t\t\t\t\t\t\t\t\t<img decoding=\"async\" width=\"280\" height=\"280\" data-src=\"https:\/\/www.aimingart.com\/wp-content\/uploads\/2021\/03\/Ziva-Dvorsak-16.png\" class=\"attachment-large size-large wp-image-4260 lazyload\" alt=\"\u017diva Dvor\u0161ak with the Rifle\" data-srcset=\"https:\/\/www.aimingart.com\/wp-content\/uploads\/2021\/03\/Ziva-Dvorsak-16.png 280w, https:\/\/www.aimingart.com\/wp-content\/uploads\/2021\/03\/Ziva-Dvorsak-16-150x150.png 150w, https:\/\/www.aimingart.com\/wp-content\/uploads\/2021\/03\/Ziva-Dvorsak-16-100x100.png 100w\" data-sizes=\"(max-width: 280px) 100vw, 280px\" src=\"data:image\/svg+xml;base64,PHN2ZyB3aWR0aD0iMSIgaGVpZ2h0PSIxIiB4bWxucz0iaHR0cDovL3d3dy53My5vcmcvMjAwMC9zdmciPjwvc3ZnPg==\" style=\"--smush-placeholder-width: 280px; --smush-placeholder-aspect-ratio: 280\/280;\" \/>\t\t\t\t\t\t\t\t\t\t\t\t\t<\/div>\n\t\t\t\t<\/div>\n\t\t\t\t<div class=\"elementor-element elementor-element-7c55152 elementor-widget elementor-widget-heading\" data-id=\"7c55152\" data-element_type=\"widget\" data-widget_type=\"heading.default\">\n\t\t\t\t<div class=\"elementor-widget-container\">\n\t\t\t<h2 class=\"elementor-heading-title elementor-size-small\">\u017diva Dvor\u0161ak<\/h2>\t\t<\/div>\n\t\t\t\t<\/div>\n\t\t\t\t<div class=\"elementor-element elementor-element-92dd0e3 elementor-widget elementor-widget-text-editor\" data-id=\"92dd0e3\" data-element_type=\"widget\" data-widget_type=\"text-editor.default\">\n\t\t\t\t<div class=\"elementor-widget-container\">\n\t\t\t\t\t\t\t<p>\u017diva zagovarja stali\u0161\u010de, da je na poti do uspeha pomemben celosten pristop. Njen prispevek k Strelskemu zvezku so poglavja in pripombe, s katerimi se strelke in strelci bolje pripravijo in la\u017eje na\u010drtujejo.<\/p><p>\u017diva je \u010dlanica slovenske strelske reprezentance in trikratna udele\u017eenka olimpijskih iger (London 2012, Rio 2016, Tokyo 2020).<br \/>Od leta 2017 s podporo Strelske zveze Slovenije in slovenskih strelskih klubov, vodi delavnice, s katerimi strelkam in strelcem pomaga razviti celostnej\u0161i pristop k streljanju.<\/p>\t\t\t\t\t\t<\/div>\n\t\t\t\t<\/div>\n\t\t\t\t\t<\/div>\n\t\t<\/div>\n\t\t\t\t<div class=\"elementor-column elementor-col-50 elementor-top-column elementor-element elementor-element-6f172bb\" data-id=\"6f172bb\" data-element_type=\"column\">\n\t\t\t<div class=\"elementor-widget-wrap elementor-element-populated\">\n\t\t\t\t\t\t<div class=\"elementor-element elementor-element-f6d3bae elementor-widget elementor-widget-image\" data-id=\"f6d3bae\" data-element_type=\"widget\" data-widget_type=\"image.default\">\n\t\t\t\t<div class=\"elementor-widget-container\">\n\t\t\t\t\t\t\t\t\t\t\t\t\t<img decoding=\"async\" data-src=\"https:\/\/www.aimingart.com\/wp-content\/uploads\/elementor\/thumbs\/Mask-Group-14-p4cuwi70n7hybs66tu19euabwdoz8qx4xi1jjxw52e.png\" title=\"aiming-art-Sonja-Ben\u010dina\" alt=\"Sonja Ben\u010dina co-founder of Aiming Art and Shooting Notes\" src=\"data:image\/svg+xml;base64,PHN2ZyB3aWR0aD0iMSIgaGVpZ2h0PSIxIiB4bWxucz0iaHR0cDovL3d3dy53My5vcmcvMjAwMC9zdmciPjwvc3ZnPg==\" class=\"lazyload\" style=\"--smush-placeholder-width: 279px; --smush-placeholder-aspect-ratio: 279\/279;\" \/>\t\t\t\t\t\t\t\t\t\t\t\t\t<\/div>\n\t\t\t\t<\/div>\n\t\t\t\t<div class=\"elementor-element elementor-element-0878cb0 elementor-widget elementor-widget-heading\" data-id=\"0878cb0\" data-element_type=\"widget\" data-widget_type=\"heading.default\">\n\t\t\t\t<div class=\"elementor-widget-container\">\n\t\t\t<h2 class=\"elementor-heading-title elementor-size-small\">Sonja Ben\u010dina<\/h2>\t\t<\/div>\n\t\t\t\t<\/div>\n\t\t\t\t<div class=\"elementor-element elementor-element-2aea42a elementor-widget elementor-widget-text-editor\" data-id=\"2aea42a\" data-element_type=\"widget\" data-widget_type=\"text-editor.default\">\n\t\t\t\t<div class=\"elementor-widget-container\">\n\t\t\t\t\t\t\t<p>Sonja je za\u010dela z lastnim strelskim zvezkom in odkrila, da je s predpripravljenim obrazcem, ki ga je izpolnila po vsakem treningu, bolje organizirana in bolj motivirana, da razmisli o svojem streljanju in to tudi zapi\u0161e.<\/p><p>Sonja je \u010dlanica slovenske strelske reprezentance in ima mednarodno trenersko C-licenco ISSF.<br \/>Od leta 2018 pomaga pri treniranju in vodenju slovenske parastrelske reprezentance, s katero se je udele\u017eila tudi paralimpijskih iger v Tokiu 2020.<\/p>\t\t\t\t\t\t<\/div>\n\t\t\t\t<\/div>\n\t\t\t\t\t<\/div>\n\t\t<\/div>\n\t\t\t\t\t<\/div>\n\t\t<\/section>\n\t\t\t\t<section class=\"elementor-section elementor-top-section elementor-element elementor-element-3de2cbd elementor-section-full_width elementor-section-height-default elementor-section-height-default\" data-id=\"3de2cbd\" data-element_type=\"section\" data-settings=\"{&quot;background_background&quot;:&quot;classic&quot;}\">\n\t\t\t\t\t\t<div class=\"elementor-container elementor-column-gap-no\">\n\t\t\t\t\t<div class=\"elementor-column elementor-col-33 elementor-top-column elementor-element elementor-element-79aca99\" data-id=\"79aca99\" data-element_type=\"column\">\n\t\t\t<div class=\"elementor-widget-wrap elementor-element-populated\">\n\t\t\t\t\t\t<div class=\"elementor-element elementor-element-66046e3 elementor-hidden-desktop elementor-hidden-tablet elementor-hidden-phone elementor-widget elementor-widget-image\" data-id=\"66046e3\" data-element_type=\"widget\" data-widget_type=\"image.default\">\n\t\t\t\t<div class=\"elementor-widget-container\">\n\t\t\t\t\t\t\t\t\t\t\t\t\t<img decoding=\"async\" width=\"645\" height=\"685\" data-src=\"https:\/\/www.aimingart.com\/wp-content\/uploads\/2021\/02\/aiming-art-mobile-background-bottom-08.png\" class=\"attachment-full size-full wp-image-3109 lazyload\" alt=\"Aiming art mobile view background on the bottom of the page\" data-srcset=\"https:\/\/www.aimingart.com\/wp-content\/uploads\/2021\/02\/aiming-art-mobile-background-bottom-08.png 645w, https:\/\/www.aimingart.com\/wp-content\/uploads\/2021\/02\/aiming-art-mobile-background-bottom-08-600x637.png 600w, https:\/\/www.aimingart.com\/wp-content\/uploads\/2021\/02\/aiming-art-mobile-background-bottom-08-282x300.png 282w\" data-sizes=\"(max-width: 645px) 100vw, 645px\" src=\"data:image\/svg+xml;base64,PHN2ZyB3aWR0aD0iMSIgaGVpZ2h0PSIxIiB4bWxucz0iaHR0cDovL3d3dy53My5vcmcvMjAwMC9zdmciPjwvc3ZnPg==\" style=\"--smush-placeholder-width: 645px; --smush-placeholder-aspect-ratio: 645\/685;\" \/>\t\t\t\t\t\t\t\t\t\t\t\t\t<\/div>\n\t\t\t\t<\/div>\n\t\t\t\t<div class=\"elementor-element elementor-element-d670aa9 elementor-hidden-tablet elementor-hidden-phone elementor-widget elementor-widget-image\" data-id=\"d670aa9\" data-element_type=\"widget\" data-widget_type=\"image.default\">\n\t\t\t\t<div class=\"elementor-widget-container\">\n\t\t\t\t\t\t\t\t\t\t\t\t\t<img decoding=\"async\" width=\"644\" height=\"685\" data-src=\"https:\/\/www.aimingart.com\/wp-content\/uploads\/2021\/02\/aiming-art-notes-left-02.png\" class=\"attachment-full size-full wp-image-3110 lazyload\" alt=\"Aiming art background on the side of the web page on the bottom\" data-srcset=\"https:\/\/www.aimingart.com\/wp-content\/uploads\/2021\/02\/aiming-art-notes-left-02.png 644w, https:\/\/www.aimingart.com\/wp-content\/uploads\/2021\/02\/aiming-art-notes-left-02-600x638.png 600w, https:\/\/www.aimingart.com\/wp-content\/uploads\/2021\/02\/aiming-art-notes-left-02-282x300.png 282w\" data-sizes=\"(max-width: 644px) 100vw, 644px\" src=\"data:image\/svg+xml;base64,PHN2ZyB3aWR0aD0iMSIgaGVpZ2h0PSIxIiB4bWxucz0iaHR0cDovL3d3dy53My5vcmcvMjAwMC9zdmciPjwvc3ZnPg==\" style=\"--smush-placeholder-width: 644px; --smush-placeholder-aspect-ratio: 644\/685;\" \/>\t\t\t\t\t\t\t\t\t\t\t\t\t<\/div>\n\t\t\t\t<\/div>\n\t\t\t\t\t<\/div>\n\t\t<\/div>\n\t\t\t\t<div class=\"elementor-column elementor-col-33 elementor-top-column elementor-element elementor-element-8ff3675\" data-id=\"8ff3675\" data-element_type=\"column\" data-settings=\"{&quot;background_background&quot;:&quot;classic&quot;}\">\n\t\t\t<div class=\"elementor-widget-wrap elementor-element-populated\">\n\t\t\t\t\t<div class=\"elementor-background-overlay\"><\/div>\n\t\t\t\t\t\t<div class=\"elementor-element elementor-element-e3d8e98 elementor-hidden-phone elementor-widget elementor-widget-image\" data-id=\"e3d8e98\" data-element_type=\"widget\" data-widget_type=\"image.default\">\n\t\t\t\t<div class=\"elementor-widget-container\">\n\t\t\t\t\t\t\t\t\t\t\t\t\t<img decoding=\"async\" data-src=\"https:\/\/www.aimingart.com\/wp-content\/uploads\/elementor\/thumbs\/Group-2894-1-p4cuxw0jechj5pwsxkx96ww4b12xgpka71kfq6qshk.png\" title=\"aiming-art-notes-open\" alt=\"Cover of the slovenian strelski zvezek notebook on an opened notebook\" src=\"data:image\/svg+xml;base64,PHN2ZyB3aWR0aD0iMSIgaGVpZ2h0PSIxIiB4bWxucz0iaHR0cDovL3d3dy53My5vcmcvMjAwMC9zdmciPjwvc3ZnPg==\" class=\"lazyload\" style=\"--smush-placeholder-width: 500px; --smush-placeholder-aspect-ratio: 500\/300;\" \/>\t\t\t\t\t\t\t\t\t\t\t\t\t<\/div>\n\t\t\t\t<\/div>\n\t\t\t\t<div class=\"elementor-element elementor-element-e7936c1 elementor-widget elementor-widget-text-editor\" data-id=\"e7936c1\" data-element_type=\"widget\" data-widget_type=\"text-editor.default\">\n\t\t\t\t<div class=\"elementor-widget-container\">\n\t\t\t\t\t\t\t<p>S pisanjem strelske analize naj vsak trening \u0161teje. Bele\u017ei svoj napredek in opazuj svoje izbolj\u0161ave.<\/p>\t\t\t\t\t\t<\/div>\n\t\t\t\t<\/div>\n\t\t\t\t<div class=\"elementor-element elementor-element-35d52df elementor-align-center elementor-widget elementor-widget-button\" data-id=\"35d52df\" data-element_type=\"widget\" data-widget_type=\"button.default\">\n\t\t\t\t<div class=\"elementor-widget-container\">\n\t\t\t\t\t\t\t<div class=\"elementor-button-wrapper\">\n\t\t\t\t\t<a class=\"elementor-button elementor-button-link elementor-size-sm\" href=\"\/sl\/shopn\/\">\n\t\t\t\t\t\t<span class=\"elementor-button-content-wrapper\">\n\t\t\t\t\t\t\t\t\t<span class=\"elementor-button-text\">Trgovina<\/span>\n\t\t\t\t\t<\/span>\n\t\t\t\t\t<\/a>\n\t\t\t\t<\/div>\n\t\t\t\t\t\t<\/div>\n\t\t\t\t<\/div>\n\t\t\t\t\t<\/div>\n\t\t<\/div>\n\t\t\t\t<div class=\"elementor-column elementor-col-33 elementor-top-column elementor-element elementor-element-3b0d511\" data-id=\"3b0d511\" data-element_type=\"column\">\n\t\t\t<div class=\"elementor-widget-wrap elementor-element-populated\">\n\t\t\t\t\t\t<div class=\"elementor-element elementor-element-ea33806 elementor-hidden-tablet elementor-hidden-phone elementor-widget elementor-widget-image\" data-id=\"ea33806\" data-element_type=\"widget\" data-widget_type=\"image.default\">\n\t\t\t\t<div class=\"elementor-widget-container\">\n\t\t\t\t\t\t\t\t\t\t\t\t\t<img decoding=\"async\" width=\"645\" height=\"685\" data-src=\"https:\/\/www.aimingart.com\/wp-content\/uploads\/2021\/02\/aiming-art-notes-right-03.png\" class=\"attachment-large size-large wp-image-3111 lazyload\" alt=\"Aiming art background on the side of the web page on the bottom\" data-srcset=\"https:\/\/www.aimingart.com\/wp-content\/uploads\/2021\/02\/aiming-art-notes-right-03.png 645w, https:\/\/www.aimingart.com\/wp-content\/uploads\/2021\/02\/aiming-art-notes-right-03-600x637.png 600w, https:\/\/www.aimingart.com\/wp-content\/uploads\/2021\/02\/aiming-art-notes-right-03-282x300.png 282w\" data-sizes=\"(max-width: 645px) 100vw, 645px\" src=\"data:image\/svg+xml;base64,PHN2ZyB3aWR0aD0iMSIgaGVpZ2h0PSIxIiB4bWxucz0iaHR0cDovL3d3dy53My5vcmcvMjAwMC9zdmciPjwvc3ZnPg==\" style=\"--smush-placeholder-width: 645px; --smush-placeholder-aspect-ratio: 645\/685;\" \/>\t\t\t\t\t\t\t\t\t\t\t\t\t<\/div>\n\t\t\t\t<\/div>\n\t\t\t\t\t<\/div>\n\t\t<\/div>\n\t\t\t\t\t<\/div>\n\t\t<\/section>\n\t\t\t\t<section class=\"elementor-section elementor-top-section elementor-element elementor-element-9099f35 elementor-section-boxed elementor-section-height-default elementor-section-height-default\" data-id=\"9099f35\" data-element_type=\"section\">\n\t\t\t\t\t\t<div class=\"elementor-container elementor-column-gap-default\">\n\t\t\t\t\t<div class=\"elementor-column elementor-col-100 elementor-top-column elementor-element elementor-element-7c00934\" data-id=\"7c00934\" data-element_type=\"column\">\n\t\t\t<div class=\"elementor-widget-wrap elementor-element-populated\">\n\t\t\t\t\t\t<div class=\"elementor-element elementor-element-e732621 elementor-widget elementor-widget-text-editor\" data-id=\"e732621\" data-element_type=\"widget\" data-widget_type=\"text-editor.default\">\n\t\t\t\t<div class=\"elementor-widget-container\">\n\t\t\t\t\t\t\t<p>Bodi med prvimi, ki nekajkrat mese\u010dno prejmejo Strelske namige <br \/>in posebne ponudbe!<\/p>\t\t\t\t\t\t<\/div>\n\t\t\t\t<\/div>\n\t\t\t\t<div class=\"elementor-element elementor-element-f81b76c elementor-align-center elementor-widget elementor-widget-button\" data-id=\"f81b76c\" data-element_type=\"widget\" data-widget_type=\"button.default\">\n\t\t\t\t<div class=\"elementor-widget-container\">\n\t\t\t\t\t\t\t<div class=\"elementor-button-wrapper\">\n\t\t\t\t\t<a class=\"elementor-button elementor-button-link elementor-size-sm\" href=\"https:\/\/mailchi.mp\/260e915d6b2e\/join-aiming-art\" target=\"_blank\" rel=\"noopener\">\n\t\t\t\t\t\t<span class=\"elementor-button-content-wrapper\">\n\t\t\t\t\t\t\t\t\t<span class=\"elementor-button-text\">Pridru\u017ei se   <\/span>\n\t\t\t\t\t<\/span>\n\t\t\t\t\t<\/a>\n\t\t\t\t<\/div>\n\t\t\t\t\t\t<\/div>\n\t\t\t\t<\/div>\n\t\t\t\t\t<\/div>\n\t\t<\/div>\n\t\t\t\t\t<\/div>\n\t\t<\/section>\n\t\t\t\t<\/div>","protected":false},"excerpt":{"rendered":"<p>About Us Meeting at the local home range, the minutes spent preparing to step to the line were never quiet! Incredible, but we could always find a shooting-related topic to chat about. We realized that everything can be discussed, from the soles of your shooting boots to why lighting is so bad at shooting position [&hellip;]<\/p>","protected":false},"author":1,"featured_media":0,"parent":0,"menu_order":0,"comment_status":"closed","ping_status":"closed","template":"elementor_header_footer","meta":{"site-sidebar-layout":"no-sidebar","site-content-layout":"page-builder","ast-site-content-layout":"","site-content-style":"default","site-sidebar-style":"default","ast-global-header-display":"","ast-banner-title-visibility":"","ast-main-header-display":"","ast-hfb-above-header-display":"","ast-hfb-below-header-display":"","ast-hfb-mobile-header-display":"","site-post-title":"disabled","ast-breadcrumbs-content":"","ast-featured-img":"disabled","footer-sml-layout":"","theme-transparent-header-meta":"default","adv-header-id-meta":"","stick-header-meta":"","header-above-stick-meta":"","header-main-stick-meta":"","header-below-stick-meta":"","astra-migrate-meta-layouts":"default","ast-page-background-enabled":"default","ast-page-background-meta":{"desktop":{"background-color":"","background-image":"","background-repeat":"repeat","background-position":"center center","background-size":"auto","background-attachment":"scroll","background-type":"","background-media":"","overlay-type":"","overlay-color":"","overlay-opacity":"","overlay-gradient":""},"tablet":{"background-color":"","background-image":"","background-repeat":"repeat","background-position":"center center","background-size":"auto","background-attachment":"scroll","background-type":"","background-media":"","overlay-type":"","overlay-color":"","overlay-opacity":"","overlay-gradient":""},"mobile":{"background-color":"","background-image":"","background-repeat":"repeat","background-position":"center center","background-size":"auto","background-attachment":"scroll","background-type":"","background-media":"","overlay-type":"","overlay-color":"","overlay-opacity":"","overlay-gradient":""}},"ast-content-background-meta":{"desktop":{"background-color":"var(--ast-global-color-5)","background-image":"","background-repeat":"repeat","background-position":"center center","background-size":"auto","background-attachment":"scroll","background-type":"","background-media":"","overlay-type":"","overlay-color":"","overlay-opacity":"","overlay-gradient":""},"tablet":{"background-color":"var(--ast-global-color-5)","background-image":"","background-repeat":"repeat","background-position":"center center","background-size":"auto","background-attachment":"scroll","background-type":"","background-media":"","overlay-type":"","overlay-color":"","overlay-opacity":"","overlay-gradient":""},"mobile":{"background-color":"var(--ast-global-color-5)","background-image":"","background-repeat":"repeat","background-position":"center center","background-size":"auto","background-attachment":"scroll","background-type":"","background-media":"","overlay-type":"","overlay-color":"","overlay-opacity":"","overlay-gradient":""}},"footnotes":""},"class_list":["post-47","page","type-page","status-publish","hentry"],"_links":{"self":[{"href":"https:\/\/www.aimingart.com\/sl\/wp-json\/wp\/v2\/pages\/47"}],"collection":[{"href":"https:\/\/www.aimingart.com\/sl\/wp-json\/wp\/v2\/pages"}],"about":[{"href":"https:\/\/www.aimingart.com\/sl\/wp-json\/wp\/v2\/types\/page"}],"author":[{"embeddable":true,"href":"https:\/\/www.aimingart.com\/sl\/wp-json\/wp\/v2\/users\/1"}],"replies":[{"embeddable":true,"href":"https:\/\/www.aimingart.com\/sl\/wp-json\/wp\/v2\/comments?post=47"}],"version-history":[{"count":339,"href":"https:\/\/www.aimingart.com\/sl\/wp-json\/wp\/v2\/pages\/47\/revisions"}],"predecessor-version":[{"id":5378,"href":"https:\/\/www.aimingart.com\/sl\/wp-json\/wp\/v2\/pages\/47\/revisions\/5378"}],"wp:attachment":[{"href":"https:\/\/www.aimingart.com\/sl\/wp-json\/wp\/v2\/media?parent=47"}],"curies":[{"name":"wp","href":"https:\/\/api.w.org\/{rel}","templated":true}]}}